{"id":221,"date":"2024-11-11T23:23:09","date_gmt":"2024-11-11T22:23:09","guid":{"rendered":"https:\/\/france-visite.com\/?page_id=221"},"modified":"2024-11-20T20:30:52","modified_gmt":"2024-11-20T19:30:52","slug":"mariages-et-evenements","status":"publish","type":"page","link":"https:\/\/france-visite.com\/index.php\/mariages-et-evenements\/","title":{"rendered":"Mariages et \u00e9v\u00e9nements"},"content":{"rendered":"\t\t<div data-elementor-type=\"wp-page\" data-elementor-id=\"221\" class=\"elementor elementor-221\" data-elementor-post-type=\"page\">\n\t\t\t\t\t\t<section class=\"elementor-section elementor-top-section elementor-element elementor-element-30e24d7 elementor-section-height-min-height elementor-section-boxed elementor-section-height-default elementor-section-items-middle\" data-id=\"30e24d7\" data-element_type=\"section\" data-settings=\"{&quot;background_background&quot;:&quot;classic&quot;}\">\n\t\t\t\t\t\t\t<div class=\"elementor-background-overlay\"><\/div>\n\t\t\t\t\t\t\t<div class=\"elementor-container elementor-column-gap-default\">\n\t\t\t\t\t<div class=\"elementor-column elementor-col-100 elementor-top-column elementor-element elementor-element-fdc4d85\" data-id=\"fdc4d85\" data-element_type=\"column\">\n\t\t\t<div class=\"elementor-widget-wrap elementor-element-populated\">\n\t\t\t\t\t\t<div class=\"elementor-element elementor-element-0813d39 elementor-widget elementor-widget-heading\" data-id=\"0813d39\" data-element_type=\"widget\" data-widget_type=\"heading.default\">\n\t\t\t\t<div class=\"elementor-widget-container\">\n\t\t\t\t\t<h1 class=\"elementor-heading-title elementor-size-default\">Mariages et \u00e9v\u00e9nements<\/h1>\t\t\t\t<\/div>\n\t\t\t\t<\/div>\n\t\t\t\t\t<\/div>\n\t\t<\/div>\n\t\t\t\t\t<\/div>\n\t\t<\/section>\n\t\t\t\t<section class=\"elementor-section elementor-top-section elementor-element elementor-element-c5e2add elementor-section-boxed elementor-section-height-default elementor-section-height-default\" data-id=\"c5e2add\" data-element_type=\"section\">\n\t\t\t\t\t\t<div class=\"elementor-container elementor-column-gap-default\">\n\t\t\t\t\t<div class=\"elementor-column elementor-col-100 elementor-top-column elementor-element elementor-element-c0d8ce9\" data-id=\"c0d8ce9\" data-element_type=\"column\">\n\t\t\t<div class=\"elementor-widget-wrap elementor-element-populated\">\n\t\t\t\t\t\t<div class=\"elementor-element elementor-element-11b97ef elementor-widget elementor-widget-heading\" data-id=\"11b97ef\" data-element_type=\"widget\" data-widget_type=\"heading.default\">\n\t\t\t\t<div class=\"elementor-widget-container\">\n\t\t\t\t\t<h2 class=\"elementor-heading-title elementor-size-default\">Service Chauffeur Priv\u00e9 pour Mariage et \u00c9v\u00e9nements<\/h2>\t\t\t\t<\/div>\n\t\t\t\t<\/div>\n\t\t\t\t<div class=\"elementor-element elementor-element-2763c29 elementor-widget-mobile__width-initial elementor-widget elementor-widget-text-editor\" data-id=\"2763c29\" data-element_type=\"widget\" data-widget_type=\"text-editor.default\">\n\t\t\t\t<div class=\"elementor-widget-container\">\n\t\t\t\t\t\t\t\t\t<p>Faites de vos moments sp\u00e9ciaux une exp\u00e9rience m\u00e9morable avec notre service haut de gamme de chauffeur priv\u00e9 pour mariages et \u00e9v\u00e9nements. France Visite vous accompagne avec \u00e9l\u00e9gance et professionnalisme pour que chaque d\u00e9tail de votre journ\u00e9e soit parfait.<\/p>\t\t\t\t\t\t\t\t<\/div>\n\t\t\t\t<\/div>\n\t\t\t\t\t<\/div>\n\t\t<\/div>\n\t\t\t\t\t<\/div>\n\t\t<\/section>\n\t\t\t\t<section class=\"elementor-section elementor-top-section elementor-element elementor-element-00b9818 elementor-section-boxed elementor-section-height-default elementor-section-height-default\" data-id=\"00b9818\" data-element_type=\"section\" data-settings=\"{&quot;background_background&quot;:&quot;classic&quot;}\">\n\t\t\t\t\t\t<div class=\"elementor-container elementor-column-gap-default\">\n\t\t\t\t\t<div class=\"elementor-column elementor-col-50 elementor-top-column elementor-element elementor-element-4567b7f\" data-id=\"4567b7f\" data-element_type=\"column\" data-settings=\"{&quot;background_background&quot;:&quot;classic&quot;}\">\n\t\t\t<div class=\"elementor-widget-wrap elementor-element-populated\">\n\t\t\t\t\t\t<div class=\"elementor-element elementor-element-088b0e7 elementor-widget elementor-widget-image\" data-id=\"088b0e7\" data-element_type=\"widget\" data-widget_type=\"image.default\">\n\t\t\t\t<div class=\"elementor-widget-container\">\n\t\t\t\t\t\t\t\t\t\t\t\t\t\t\t<img fetchpriority=\"high\" decoding=\"async\" width=\"674\" height=\"667\" src=\"https:\/\/france-visite.com\/wp-content\/uploads\/2024\/11\/shutterstock_320337095.jpg\" class=\"attachment-full size-full wp-image-371\" alt=\"Mariages et \u00e9v\u00e9nements\" srcset=\"https:\/\/france-visite.com\/wp-content\/uploads\/2024\/11\/shutterstock_320337095.jpg 674w, https:\/\/france-visite.com\/wp-content\/uploads\/2024\/11\/shutterstock_320337095-300x297.jpg 300w\" sizes=\"(max-width: 674px) 100vw, 674px\" \/>\t\t\t\t\t\t\t\t\t\t\t\t\t\t\t<\/div>\n\t\t\t\t<\/div>\n\t\t\t\t\t<\/div>\n\t\t<\/div>\n\t\t\t\t<div class=\"elementor-column elementor-col-50 elementor-top-column elementor-element elementor-element-ba7b62c\" data-id=\"ba7b62c\" data-element_type=\"column\">\n\t\t\t<div class=\"elementor-widget-wrap elementor-element-populated\">\n\t\t\t\t\t\t<div class=\"elementor-element elementor-element-e5aec44 elementor-widget elementor-widget-heading\" data-id=\"e5aec44\" data-element_type=\"widget\" data-widget_type=\"heading.default\">\n\t\t\t\t<div class=\"elementor-widget-container\">\n\t\t\t\t\t<h3 class=\"elementor-heading-title elementor-size-default\">Un service sur mesure pour vos journ\u00e9es d'exception\n\n<\/h3>\t\t\t\t<\/div>\n\t\t\t\t<\/div>\n\t\t\t\t<div class=\"elementor-element elementor-element-933c2cf elementor-widget-mobile__width-initial elementor-widget elementor-widget-text-editor\" data-id=\"933c2cf\" data-element_type=\"widget\" data-widget_type=\"text-editor.default\">\n\t\t\t\t<div class=\"elementor-widget-container\">\n\t\t\t\t\t\t\t\t\t<p>Que ce soit pour un mariage, une f\u00eate priv\u00e9e, un anniversaire, ou un \u00e9v\u00e9nement professionnel, nous mettons \u00e0 votre disposition des v\u00e9hicules luxueux et des chauffeurs exp\u00e9riment\u00e9s pour assurer des trajets en toute s\u00e9r\u00e9nit\u00e9. Chaque prestation est con\u00e7ue pour r\u00e9pondre \u00e0 vos besoins sp\u00e9cifiques et s\u2019int\u00e9grer parfaitement \u00e0 l\u2019organisation de votre \u00e9v\u00e9nement.<\/p>\t\t\t\t\t\t\t\t<\/div>\n\t\t\t\t<\/div>\n\t\t\t\t\t<\/div>\n\t\t<\/div>\n\t\t\t\t\t<\/div>\n\t\t<\/section>\n\t\t\t\t<section class=\"elementor-section elementor-top-section elementor-element elementor-element-45084a6 elementor-section-boxed elementor-section-height-default elementor-section-height-default\" data-id=\"45084a6\" data-element_type=\"section\">\n\t\t\t\t\t\t<div class=\"elementor-container elementor-column-gap-default\">\n\t\t\t\t\t<div class=\"elementor-column elementor-col-50 elementor-top-column elementor-element elementor-element-f301c8b\" data-id=\"f301c8b\" data-element_type=\"column\">\n\t\t\t<div class=\"elementor-widget-wrap elementor-element-populated\">\n\t\t\t\t\t\t<div class=\"elementor-element elementor-element-70fac3c elementor-widget elementor-widget-image\" data-id=\"70fac3c\" data-element_type=\"widget\" data-widget_type=\"image.default\">\n\t\t\t\t<div class=\"elementor-widget-container\">\n\t\t\t\t\t\t\t\t\t\t\t\t\t\t\t<img decoding=\"async\" width=\"512\" height=\"512\" src=\"https:\/\/france-visite.com\/wp-content\/uploads\/2024\/11\/arch_721925.png\" class=\"attachment-large size-large wp-image-372\" alt=\"\" srcset=\"https:\/\/france-visite.com\/wp-content\/uploads\/2024\/11\/arch_721925.png 512w, https:\/\/france-visite.com\/wp-content\/uploads\/2024\/11\/arch_721925-300x300.png 300w, https:\/\/france-visite.com\/wp-content\/uploads\/2024\/11\/arch_721925-150x150.png 150w\" sizes=\"(max-width: 512px) 100vw, 512px\" \/>\t\t\t\t\t\t\t\t\t\t\t\t\t\t\t<\/div>\n\t\t\t\t<\/div>\n\t\t\t\t\t<\/div>\n\t\t<\/div>\n\t\t\t\t<div class=\"elementor-column elementor-col-50 elementor-top-column elementor-element elementor-element-217e6d6\" data-id=\"217e6d6\" data-element_type=\"column\">\n\t\t\t<div class=\"elementor-widget-wrap elementor-element-populated\">\n\t\t\t\t\t\t<div class=\"elementor-element elementor-element-8d92bd6 elementor-widget elementor-widget-heading\" data-id=\"8d92bd6\" data-element_type=\"widget\" data-widget_type=\"heading.default\">\n\t\t\t\t<div class=\"elementor-widget-container\">\n\t\t\t\t\t<h3 class=\"elementor-heading-title elementor-size-default\">Mariages : Une arriv\u00e9e en toute \u00e9l\u00e9gance<\/h3>\t\t\t\t<\/div>\n\t\t\t\t<\/div>\n\t\t\t\t<div class=\"elementor-element elementor-element-9fb20ff elementor-widget-mobile__width-initial elementor-widget elementor-widget-text-editor\" data-id=\"9fb20ff\" data-element_type=\"widget\" data-widget_type=\"text-editor.default\">\n\t\t\t\t<div class=\"elementor-widget-container\">\n\t\t\t\t\t\t\t\t\t<p>Arrivez avec style et \u00e9l\u00e9gance le jour de votre mariage gr\u00e2ce \u00e0 notre flotte de v\u00e9hicules haut de gamme. Qu\u2019il s\u2019agisse d\u2019une berline chic pour les mari\u00e9s ou d\u2019un van spacieux pour transporter vos invit\u00e9s, nous garantissons des trajets confortables et ponctuels pour tous.<\/p><ul><li><strong>Transport des mari\u00e9s<\/strong> : Une entr\u00e9e spectaculaire dans un v\u00e9hicule de prestige.<\/li><li><strong>Navette pour invit\u00e9s<\/strong> : Assurez un service impeccable pour vos convives.<\/li><li><strong>Disponibilit\u00e9 toute la journ\u00e9e<\/strong> : De la pr\u00e9paration \u00e0 la soir\u00e9e, notre chauffeur reste \u00e0 votre disposition pour r\u00e9pondre \u00e0 tous vos besoins.<\/li><\/ul>\t\t\t\t\t\t\t\t<\/div>\n\t\t\t\t<\/div>\n\t\t\t\t\t<\/div>\n\t\t<\/div>\n\t\t\t\t\t<\/div>\n\t\t<\/section>\n\t\t\t\t<section class=\"elementor-section elementor-top-section elementor-element elementor-element-b656032 elementor-section-boxed elementor-section-height-default elementor-section-height-default\" data-id=\"b656032\" data-element_type=\"section\">\n\t\t\t\t\t\t<div class=\"elementor-container elementor-column-gap-default\">\n\t\t\t\t\t<div class=\"elementor-column elementor-col-50 elementor-top-column elementor-element elementor-element-6cf5bb7\" data-id=\"6cf5bb7\" data-element_type=\"column\">\n\t\t\t<div class=\"elementor-widget-wrap elementor-element-populated\">\n\t\t\t\t\t\t<div class=\"elementor-element elementor-element-47744cc elementor-widget elementor-widget-image\" data-id=\"47744cc\" data-element_type=\"widget\" data-widget_type=\"image.default\">\n\t\t\t\t<div class=\"elementor-widget-container\">\n\t\t\t\t\t\t\t\t\t\t\t\t\t\t\t<img decoding=\"async\" width=\"512\" height=\"512\" src=\"https:\/\/france-visite.com\/wp-content\/uploads\/2024\/11\/event_3848419.png\" class=\"attachment-large size-large wp-image-373\" alt=\"\" srcset=\"https:\/\/france-visite.com\/wp-content\/uploads\/2024\/11\/event_3848419.png 512w, https:\/\/france-visite.com\/wp-content\/uploads\/2024\/11\/event_3848419-300x300.png 300w, https:\/\/france-visite.com\/wp-content\/uploads\/2024\/11\/event_3848419-150x150.png 150w\" sizes=\"(max-width: 512px) 100vw, 512px\" \/>\t\t\t\t\t\t\t\t\t\t\t\t\t\t\t<\/div>\n\t\t\t\t<\/div>\n\t\t\t\t\t<\/div>\n\t\t<\/div>\n\t\t\t\t<div class=\"elementor-column elementor-col-50 elementor-top-column elementor-element elementor-element-9433e6b\" data-id=\"9433e6b\" data-element_type=\"column\">\n\t\t\t<div class=\"elementor-widget-wrap elementor-element-populated\">\n\t\t\t\t\t\t<div class=\"elementor-element elementor-element-c17a868 elementor-widget elementor-widget-heading\" data-id=\"c17a868\" data-element_type=\"widget\" data-widget_type=\"heading.default\">\n\t\t\t\t<div class=\"elementor-widget-container\">\n\t\t\t\t\t<h3 class=\"elementor-heading-title elementor-size-default\">\u00c9v\u00e9nements priv\u00e9s et professionnels\n<\/h3>\t\t\t\t<\/div>\n\t\t\t\t<\/div>\n\t\t\t\t<div class=\"elementor-element elementor-element-4a51784 elementor-widget-mobile__width-initial elementor-widget elementor-widget-text-editor\" data-id=\"4a51784\" data-element_type=\"widget\" data-widget_type=\"text-editor.default\">\n\t\t\t\t<div class=\"elementor-widget-container\">\n\t\t\t\t\t\t\t\t\t<p>Pour vos f\u00eates priv\u00e9es, galas, r\u00e9ceptions ou s\u00e9minaires, notre service de chauffeur priv\u00e9 est l\u2019alli\u00e9 parfait. Laissez-nous g\u00e9rer vos d\u00e9placements pour que vous puissiez profiter pleinement de votre \u00e9v\u00e9nement.<\/p><ul><li><strong>Accueil sur mesure<\/strong> : Prise en charge depuis votre domicile, h\u00f4tel ou lieu de rendez-vous.<\/li><li><strong>Ponctualit\u00e9 et discr\u00e9tion<\/strong> : Nos chauffeurs sont form\u00e9s pour r\u00e9pondre \u00e0 vos attentes avec professionnalisme.<\/li><li><strong>Service VIP<\/strong> : Offrez \u00e0 vos invit\u00e9s une exp\u00e9rience haut de gamme avec des v\u00e9hicules modernes et confortables.<\/li><\/ul>\t\t\t\t\t\t\t\t<\/div>\n\t\t\t\t<\/div>\n\t\t\t\t\t<\/div>\n\t\t<\/div>\n\t\t\t\t\t<\/div>\n\t\t<\/section>\n\t\t\t\t<section class=\"elementor-section elementor-top-section elementor-element elementor-element-5e5758b elementor-section-boxed elementor-section-height-default elementor-section-height-default\" data-id=\"5e5758b\" data-element_type=\"section\">\n\t\t\t\t\t\t<div class=\"elementor-container elementor-column-gap-default\">\n\t\t\t\t\t<div class=\"elementor-column elementor-col-50 elementor-top-column elementor-element elementor-element-cc95162\" data-id=\"cc95162\" data-element_type=\"column\">\n\t\t\t<div class=\"elementor-widget-wrap elementor-element-populated\">\n\t\t\t\t\t\t<div class=\"elementor-element elementor-element-83b839a elementor-widget elementor-widget-image\" data-id=\"83b839a\" data-element_type=\"widget\" data-widget_type=\"image.default\">\n\t\t\t\t<div class=\"elementor-widget-container\">\n\t\t\t\t\t\t\t\t\t\t\t\t\t\t\t<img loading=\"lazy\" decoding=\"async\" width=\"512\" height=\"512\" src=\"https:\/\/france-visite.com\/wp-content\/uploads\/2024\/11\/setting_6121969.png\" class=\"attachment-large size-large wp-image-374\" alt=\"\" srcset=\"https:\/\/france-visite.com\/wp-content\/uploads\/2024\/11\/setting_6121969.png 512w, https:\/\/france-visite.com\/wp-content\/uploads\/2024\/11\/setting_6121969-300x300.png 300w, https:\/\/france-visite.com\/wp-content\/uploads\/2024\/11\/setting_6121969-150x150.png 150w\" sizes=\"(max-width: 512px) 100vw, 512px\" \/>\t\t\t\t\t\t\t\t\t\t\t\t\t\t\t<\/div>\n\t\t\t\t<\/div>\n\t\t\t\t\t<\/div>\n\t\t<\/div>\n\t\t\t\t<div class=\"elementor-column elementor-col-50 elementor-top-column elementor-element elementor-element-a69affc\" data-id=\"a69affc\" data-element_type=\"column\">\n\t\t\t<div class=\"elementor-widget-wrap elementor-element-populated\">\n\t\t\t\t\t\t<div class=\"elementor-element elementor-element-fca91b6 elementor-widget elementor-widget-heading\" data-id=\"fca91b6\" data-element_type=\"widget\" data-widget_type=\"heading.default\">\n\t\t\t\t<div class=\"elementor-widget-container\">\n\t\t\t\t\t<h3 class=\"elementor-heading-title elementor-size-default\">Une organisation sans faille pour votre tranquillit\u00e9 d'esprit\n<\/h3>\t\t\t\t<\/div>\n\t\t\t\t<\/div>\n\t\t\t\t<div class=\"elementor-element elementor-element-76f8a0d elementor-widget-mobile__width-initial elementor-widget elementor-widget-text-editor\" data-id=\"76f8a0d\" data-element_type=\"widget\" data-widget_type=\"text-editor.default\">\n\t\t\t\t<div class=\"elementor-widget-container\">\n\t\t\t\t\t\t\t\t\t<p>Avec France Visite, vous pouvez vous concentrer sur l\u2019essentiel : profiter de votre journ\u00e9e. Nous nous chargeons de toute la logistique de transport, en veillant \u00e0 respecter les horaires et les besoins sp\u00e9cifiques de chaque invit\u00e9.<\/p><ul><li><strong>Coordination personnalis\u00e9e<\/strong> : Nous travaillons avec les organisateurs de votre \u00e9v\u00e9nement pour une synchronisation parfaite.<\/li><li><strong>Disponibilit\u00e9 flexible<\/strong> : D\u00e9placements nocturnes, longues distances ou urgences de derni\u00e8re minute, nous nous adaptons \u00e0 toutes les situations.<\/li><\/ul>\t\t\t\t\t\t\t\t<\/div>\n\t\t\t\t<\/div>\n\t\t\t\t\t<\/div>\n\t\t<\/div>\n\t\t\t\t\t<\/div>\n\t\t<\/section>\n\t\t\t\t<section class=\"elementor-section elementor-top-section elementor-element elementor-element-4250cba elementor-section-boxed elementor-section-height-default elementor-section-height-default\" data-id=\"4250cba\" data-element_type=\"section\" data-settings=\"{&quot;background_background&quot;:&quot;classic&quot;}\">\n\t\t\t\t\t\t<div class=\"elementor-container elementor-column-gap-default\">\n\t\t\t\t\t<div class=\"elementor-column elementor-col-100 elementor-top-column elementor-element elementor-element-8ba5b3c\" data-id=\"8ba5b3c\" data-element_type=\"column\">\n\t\t\t<div class=\"elementor-widget-wrap elementor-element-populated\">\n\t\t\t\t\t\t<div class=\"elementor-element elementor-element-2129358 elementor-widget elementor-widget-heading\" data-id=\"2129358\" data-element_type=\"widget\" data-widget_type=\"heading.default\">\n\t\t\t\t<div class=\"elementor-widget-container\">\n\t\t\t\t\t<h3 class=\"elementor-heading-title elementor-size-default\">R\u00e9servez votre service chauffeur pour mariages et \u00e9v\u00e9nements<\/h3>\t\t\t\t<\/div>\n\t\t\t\t<\/div>\n\t\t\t\t<div class=\"elementor-element elementor-element-6ddf570 elementor-widget-mobile__width-initial elementor-widget elementor-widget-text-editor\" data-id=\"6ddf570\" data-element_type=\"widget\" data-widget_type=\"text-editor.default\">\n\t\t\t\t<div class=\"elementor-widget-container\">\n\t\t\t\t\t\t\t\t\t<p>Confiez vos d\u00e9placements \u00e0 France Visite pour vivre une exp\u00e9rience exceptionnelle lors de vos journ\u00e9es les plus importantes. Contactez-nous d\u00e8s maintenant pour discuter de vos besoins et obtenir un devis personnalis\u00e9.<\/p>\t\t\t\t\t\t\t\t<\/div>\n\t\t\t\t<\/div>\n\t\t\t\t<div class=\"elementor-element elementor-element-8fd8046 elementor-align-center elementor-widget elementor-widget-button\" data-id=\"8fd8046\" data-element_type=\"widget\" data-widget_type=\"button.default\">\n\t\t\t\t<div class=\"elementor-widget-container\">\n\t\t\t\t\t\t\t\t\t<div class=\"elementor-button-wrapper\">\n\t\t\t\t\t<a class=\"elementor-button elementor-button-link elementor-size-sm\" href=\"https:\/\/france-visite.com\/index.php\/contact\/\">\n\t\t\t\t\t\t<span class=\"elementor-button-content-wrapper\">\n\t\t\t\t\t\t\t\t\t<span class=\"elementor-button-text\">Contactez-nous<\/span>\n\t\t\t\t\t<\/span>\n\t\t\t\t\t<\/a>\n\t\t\t\t<\/div>\n\t\t\t\t\t\t\t\t<\/div>\n\t\t\t\t<\/div>\n\t\t\t\t\t<\/div>\n\t\t<\/div>\n\t\t\t\t\t<\/div>\n\t\t<\/section>\n\t\t\t\t<section class=\"elementor-section elementor-top-section elementor-element elementor-element-dbdc48a elementor-section-height-min-height elementor-section-boxed elementor-section-height-default elementor-section-items-middle\" data-id=\"dbdc48a\" data-element_type=\"section\" data-settings=\"{&quot;background_background&quot;:&quot;classic&quot;}\">\n\t\t\t\t\t\t<div class=\"elementor-container elementor-column-gap-default\">\n\t\t\t\t\t<div class=\"elementor-column elementor-col-100 elementor-top-column elementor-element elementor-element-1a3100d\" data-id=\"1a3100d\" data-element_type=\"column\">\n\t\t\t<div class=\"elementor-widget-wrap\">\n\t\t\t\t\t\t\t<\/div>\n\t\t<\/div>\n\t\t\t\t\t<\/div>\n\t\t<\/section>\n\t\t\t\t<\/div>\n\t\t","protected":false},"excerpt":{"rendered":"<p>Mariages et \u00e9v\u00e9nements Service Chauffeur Priv\u00e9 pour Mariage et \u00c9v\u00e9nements Faites de vos moments sp\u00e9ciaux une exp\u00e9rience m\u00e9morable avec notre service haut de gamme de chauffeur priv\u00e9 pour mariages et \u00e9v\u00e9nements. France Visite vous accompagne avec \u00e9l\u00e9gance et professionnalisme pour que chaque d\u00e9tail de votre journ\u00e9e soit parfait. Un service sur mesure pour vos journ\u00e9es [&hellip;]<\/p>\n","protected":false},"author":1,"featured_media":0,"parent":0,"menu_order":0,"comment_status":"closed","ping_status":"closed","template":"elementor_header_footer","meta":{"footnotes":""},"class_list":["post-221","page","type-page","status-publish","hentry"],"_links":{"self":[{"href":"https:\/\/france-visite.com\/index.php\/wp-json\/wp\/v2\/pages\/221","targetHints":{"allow":["GET"]}}],"collection":[{"href":"https:\/\/france-visite.com\/index.php\/wp-json\/wp\/v2\/pages"}],"about":[{"href":"https:\/\/france-visite.com\/index.php\/wp-json\/wp\/v2\/types\/page"}],"author":[{"embeddable":true,"href":"https:\/\/france-visite.com\/index.php\/wp-json\/wp\/v2\/users\/1"}],"replies":[{"embeddable":true,"href":"https:\/\/france-visite.com\/index.php\/wp-json\/wp\/v2\/comments?post=221"}],"version-history":[{"count":41,"href":"https:\/\/france-visite.com\/index.php\/wp-json\/wp\/v2\/pages\/221\/revisions"}],"predecessor-version":[{"id":691,"href":"https:\/\/france-visite.com\/index.php\/wp-json\/wp\/v2\/pages\/221\/revisions\/691"}],"wp:attachment":[{"href":"https:\/\/france-visite.com\/index.php\/wp-json\/wp\/v2\/media?parent=221"}],"curies":[{"name":"wp","href":"https:\/\/api.w.org\/{rel}","templated":true}]}}