{"id":216,"date":"2024-11-11T23:22:06","date_gmt":"2024-11-11T22:22:06","guid":{"rendered":"https:\/\/france-visite.com\/?page_id=216"},"modified":"2024-11-20T20:32:27","modified_gmt":"2024-11-20T19:32:27","slug":"visites-de-paris-et-evenements","status":"publish","type":"page","link":"https:\/\/france-visite.com\/index.php\/visites-de-paris-et-evenements\/","title":{"rendered":"Visites de Paris et \u00e9v\u00e9nements"},"content":{"rendered":"\t\t<div data-elementor-type=\"wp-page\" data-elementor-id=\"216\" class=\"elementor elementor-216\" data-elementor-post-type=\"page\">\n\t\t\t\t\t\t<section class=\"elementor-section elementor-top-section elementor-element elementor-element-8746008 elementor-section-height-min-height elementor-section-boxed elementor-section-height-default elementor-section-items-middle\" data-id=\"8746008\" data-element_type=\"section\" data-settings=\"{&quot;background_background&quot;:&quot;classic&quot;}\">\n\t\t\t\t\t\t\t<div class=\"elementor-background-overlay\"><\/div>\n\t\t\t\t\t\t\t<div class=\"elementor-container elementor-column-gap-default\">\n\t\t\t\t\t<div class=\"elementor-column elementor-col-100 elementor-top-column elementor-element elementor-element-2b62130\" data-id=\"2b62130\" data-element_type=\"column\">\n\t\t\t<div class=\"elementor-widget-wrap elementor-element-populated\">\n\t\t\t\t\t\t<div class=\"elementor-element elementor-element-ac49789 elementor-widget elementor-widget-heading\" data-id=\"ac49789\" data-element_type=\"widget\" data-widget_type=\"heading.default\">\n\t\t\t\t<div class=\"elementor-widget-container\">\n\t\t\t\t\t<h1 class=\"elementor-heading-title elementor-size-default\">Visites de Paris et \u00e9v\u00e9nements<\/h1>\t\t\t\t<\/div>\n\t\t\t\t<\/div>\n\t\t\t\t\t<\/div>\n\t\t<\/div>\n\t\t\t\t\t<\/div>\n\t\t<\/section>\n\t\t\t\t<section class=\"elementor-section elementor-top-section elementor-element elementor-element-82bb5c1 elementor-section-boxed elementor-section-height-default elementor-section-height-default\" data-id=\"82bb5c1\" data-element_type=\"section\">\n\t\t\t\t\t\t<div class=\"elementor-container elementor-column-gap-default\">\n\t\t\t\t\t<div class=\"elementor-column elementor-col-100 elementor-top-column elementor-element elementor-element-e03ca80\" data-id=\"e03ca80\" data-element_type=\"column\">\n\t\t\t<div class=\"elementor-widget-wrap elementor-element-populated\">\n\t\t\t\t\t\t<div class=\"elementor-element elementor-element-4fa501f elementor-widget elementor-widget-heading\" data-id=\"4fa501f\" data-element_type=\"widget\" data-widget_type=\"heading.default\">\n\t\t\t\t<div class=\"elementor-widget-container\">\n\t\t\t\t\t<h2 class=\"elementor-heading-title elementor-size-default\">Service Chauffeur Priv\u00e9 pour des Visites de Paris<\/h2>\t\t\t\t<\/div>\n\t\t\t\t<\/div>\n\t\t\t\t<div class=\"elementor-element elementor-element-6801709 elementor-widget-mobile__width-initial elementor-widget elementor-widget-text-editor\" data-id=\"6801709\" data-element_type=\"widget\" data-widget_type=\"text-editor.default\">\n\t\t\t\t<div class=\"elementor-widget-container\">\n\t\t\t\t\t\t\t\t\t<p>D\u00e9couvrez Paris comme jamais auparavant avec France Visite, votre service de chauffeur priv\u00e9 d\u00e9di\u00e9 aux visites personnalis\u00e9es. Que vous soyez un touriste en qu\u00eate des incontournables ou un habitu\u00e9 \u00e0 la recherche des secrets cach\u00e9s de la capitale, nous cr\u00e9ons une exp\u00e9rience unique adapt\u00e9e \u00e0 vos envies.<\/p>\t\t\t\t\t\t\t\t<\/div>\n\t\t\t\t<\/div>\n\t\t\t\t\t<\/div>\n\t\t<\/div>\n\t\t\t\t\t<\/div>\n\t\t<\/section>\n\t\t\t\t<section class=\"elementor-section elementor-top-section elementor-element elementor-element-23a3326 elementor-section-boxed elementor-section-height-default elementor-section-height-default\" data-id=\"23a3326\" data-element_type=\"section\" data-settings=\"{&quot;background_background&quot;:&quot;classic&quot;}\">\n\t\t\t\t\t\t<div class=\"elementor-container elementor-column-gap-default\">\n\t\t\t\t\t<div class=\"elementor-column elementor-col-50 elementor-top-column elementor-element elementor-element-07d83cd\" data-id=\"07d83cd\" data-element_type=\"column\" data-settings=\"{&quot;background_background&quot;:&quot;classic&quot;}\">\n\t\t\t<div class=\"elementor-widget-wrap elementor-element-populated\">\n\t\t\t\t\t\t<div class=\"elementor-element elementor-element-a072cdc elementor-widget elementor-widget-image\" data-id=\"a072cdc\" data-element_type=\"widget\" data-widget_type=\"image.default\">\n\t\t\t\t<div class=\"elementor-widget-container\">\n\t\t\t\t\t\t\t\t\t\t\t\t\t\t\t<img fetchpriority=\"high\" decoding=\"async\" width=\"800\" height=\"800\" src=\"https:\/\/france-visite.com\/wp-content\/uploads\/2024\/11\/Paris-lessentiel-800x800_05.jpg\" class=\"attachment-full size-full wp-image-413\" alt=\"\" srcset=\"https:\/\/france-visite.com\/wp-content\/uploads\/2024\/11\/Paris-lessentiel-800x800_05.jpg 800w, https:\/\/france-visite.com\/wp-content\/uploads\/2024\/11\/Paris-lessentiel-800x800_05-300x300.jpg 300w, https:\/\/france-visite.com\/wp-content\/uploads\/2024\/11\/Paris-lessentiel-800x800_05-150x150.jpg 150w, https:\/\/france-visite.com\/wp-content\/uploads\/2024\/11\/Paris-lessentiel-800x800_05-768x768.jpg 768w\" sizes=\"(max-width: 800px) 100vw, 800px\" \/>\t\t\t\t\t\t\t\t\t\t\t\t\t\t\t<\/div>\n\t\t\t\t<\/div>\n\t\t\t\t\t<\/div>\n\t\t<\/div>\n\t\t\t\t<div class=\"elementor-column elementor-col-50 elementor-top-column elementor-element elementor-element-299682e\" data-id=\"299682e\" data-element_type=\"column\">\n\t\t\t<div class=\"elementor-widget-wrap elementor-element-populated\">\n\t\t\t\t\t\t<div class=\"elementor-element elementor-element-ef9b422 elementor-widget-mobile__width-initial elementor-widget elementor-widget-heading\" data-id=\"ef9b422\" data-element_type=\"widget\" data-widget_type=\"heading.default\">\n\t\t\t\t<div class=\"elementor-widget-container\">\n\t\t\t\t\t<h3 class=\"elementor-heading-title elementor-size-default\">Une visite sur mesure pour explorer Paris \u00e0 votre rythme<\/h3>\t\t\t\t<\/div>\n\t\t\t\t<\/div>\n\t\t\t\t<div class=\"elementor-element elementor-element-2b492db elementor-widget-mobile__width-initial elementor-widget elementor-widget-text-editor\" data-id=\"2b492db\" data-element_type=\"widget\" data-widget_type=\"text-editor.default\">\n\t\t\t\t<div class=\"elementor-widget-container\">\n\t\t\t\t\t\t\t\t\t<p>Avec notre service, oubliez les contraintes des visites de groupe. Profitez d\u2019une excursion priv\u00e9e o\u00f9 vous d\u00e9cidez de l\u2019itin\u00e9raire, des arr\u00eats et du temps pass\u00e9 \u00e0 chaque lieu. Votre chauffeur, discret et exp\u00e9riment\u00e9, se charge de tout pour que vous puissiez vous concentrer sur la beaut\u00e9 de Paris.<\/p><p>Nos prestations incluent :<\/p><ul><li><strong>Les monuments embl\u00e9matiques<\/strong> : Tour Eiffel, Arc de Triomphe, Notre-Dame, Sacr\u00e9-C\u0153ur\u2026<\/li><li><strong>Les quartiers mythiques<\/strong> : Montmartre, Le Marais, Saint-Germain-des-Pr\u00e9s, les Champs-\u00c9lys\u00e9es.<\/li><li><strong>Les tr\u00e9sors cach\u00e9s<\/strong> : D\u00e9couvrez des lieux moins connus, comme des passages secrets, des jardins paisibles ou des vues imprenables.<\/li><li><strong>Excursions nocturnes<\/strong> : D\u00e9couvrez la Ville Lumi\u00e8re dans toute sa splendeur lors d\u2019une visite en soir\u00e9e.<\/li><\/ul>\t\t\t\t\t\t\t\t<\/div>\n\t\t\t\t<\/div>\n\t\t\t\t\t<\/div>\n\t\t<\/div>\n\t\t\t\t\t<\/div>\n\t\t<\/section>\n\t\t\t\t<section class=\"elementor-section elementor-top-section elementor-element elementor-element-a55fb84 elementor-section-boxed elementor-section-height-default elementor-section-height-default\" data-id=\"a55fb84\" data-element_type=\"section\">\n\t\t\t\t\t\t<div class=\"elementor-container elementor-column-gap-default\">\n\t\t\t\t\t<div class=\"elementor-column elementor-col-50 elementor-top-column elementor-element elementor-element-6a49c1d\" data-id=\"6a49c1d\" data-element_type=\"column\">\n\t\t\t<div class=\"elementor-widget-wrap elementor-element-populated\">\n\t\t\t\t\t\t<div class=\"elementor-element elementor-element-6d5cd68 elementor-widget elementor-widget-image\" data-id=\"6d5cd68\" data-element_type=\"widget\" data-widget_type=\"image.default\">\n\t\t\t\t<div class=\"elementor-widget-container\">\n\t\t\t\t\t\t\t\t\t\t\t\t\t\t\t<img decoding=\"async\" width=\"512\" height=\"512\" src=\"https:\/\/france-visite.com\/wp-content\/uploads\/2024\/11\/line_15618274.png\" class=\"attachment-large size-large wp-image-417\" alt=\"\" srcset=\"https:\/\/france-visite.com\/wp-content\/uploads\/2024\/11\/line_15618274.png 512w, https:\/\/france-visite.com\/wp-content\/uploads\/2024\/11\/line_15618274-300x300.png 300w, https:\/\/france-visite.com\/wp-content\/uploads\/2024\/11\/line_15618274-150x150.png 150w\" sizes=\"(max-width: 512px) 100vw, 512px\" \/>\t\t\t\t\t\t\t\t\t\t\t\t\t\t\t<\/div>\n\t\t\t\t<\/div>\n\t\t\t\t\t<\/div>\n\t\t<\/div>\n\t\t\t\t<div class=\"elementor-column elementor-col-50 elementor-top-column elementor-element elementor-element-f114651\" data-id=\"f114651\" data-element_type=\"column\">\n\t\t\t<div class=\"elementor-widget-wrap elementor-element-populated\">\n\t\t\t\t\t\t<div class=\"elementor-element elementor-element-3f0bdc6 elementor-widget elementor-widget-heading\" data-id=\"3f0bdc6\" data-element_type=\"widget\" data-widget_type=\"heading.default\">\n\t\t\t\t<div class=\"elementor-widget-container\">\n\t\t\t\t\t<h3 class=\"elementor-heading-title elementor-size-default\">Des itin\u00e9raires personnalis\u00e9s selon vos envies\n<\/h3>\t\t\t\t<\/div>\n\t\t\t\t<\/div>\n\t\t\t\t<div class=\"elementor-element elementor-element-c356370 elementor-widget-mobile__width-initial elementor-widget elementor-widget-text-editor\" data-id=\"c356370\" data-element_type=\"widget\" data-widget_type=\"text-editor.default\">\n\t\t\t\t<div class=\"elementor-widget-container\">\n\t\t\t\t\t\t\t\t\t<p>Paris regorge d\u2019options pour tous les go\u00fbts, et nous nous adaptons \u00e0 vos pr\u00e9f\u00e9rences :<\/p><ul><li><strong>Histoire et culture<\/strong> : D\u00e9couvrez les mus\u00e9es, monuments et sites historiques incontournables.<\/li><li><strong>Shopping de luxe<\/strong> : Explorez les boutiques embl\u00e9matiques du Faubourg Saint-Honor\u00e9, des Champs-\u00c9lys\u00e9es ou des Galeries Lafayette.<\/li><li><strong>Gastronomie<\/strong> : Laissez-nous vous emmener dans les meilleurs restaurants, caf\u00e9s historiques ou march\u00e9s gourmands.<\/li><li><strong>Photographie<\/strong> : Faites des pauses dans les meilleurs spots pour capturer la magie de Paris.<\/li><\/ul>\t\t\t\t\t\t\t\t<\/div>\n\t\t\t\t<\/div>\n\t\t\t\t\t<\/div>\n\t\t<\/div>\n\t\t\t\t\t<\/div>\n\t\t<\/section>\n\t\t\t\t<section class=\"elementor-section elementor-top-section elementor-element elementor-element-0a3d6d9 elementor-section-boxed elementor-section-height-default elementor-section-height-default\" data-id=\"0a3d6d9\" data-element_type=\"section\" data-settings=\"{&quot;background_background&quot;:&quot;classic&quot;}\">\n\t\t\t\t\t\t<div class=\"elementor-container elementor-column-gap-default\">\n\t\t\t\t\t<div class=\"elementor-column elementor-col-100 elementor-top-column elementor-element elementor-element-ac67ecd\" data-id=\"ac67ecd\" data-element_type=\"column\">\n\t\t\t<div class=\"elementor-widget-wrap elementor-element-populated\">\n\t\t\t\t\t\t<div class=\"elementor-element elementor-element-f023efe elementor-widget elementor-widget-heading\" data-id=\"f023efe\" data-element_type=\"widget\" data-widget_type=\"heading.default\">\n\t\t\t\t<div class=\"elementor-widget-container\">\n\t\t\t\t\t<h3 class=\"elementor-heading-title elementor-size-default\">R\u00e9servez votre visite de Paris d\u00e8s maintenant<\/h3>\t\t\t\t<\/div>\n\t\t\t\t<\/div>\n\t\t\t\t<div class=\"elementor-element elementor-element-b42052e elementor-widget-mobile__width-initial elementor-widget elementor-widget-text-editor\" data-id=\"b42052e\" data-element_type=\"widget\" data-widget_type=\"text-editor.default\">\n\t\t\t\t<div class=\"elementor-widget-container\">\n\t\t\t\t\t\t\t\t\t<p>Avec France Visite, explorez Paris dans le confort et l\u2019\u00e9l\u00e9gance. Contactez-nous pour organiser une visite personnalis\u00e9e qui fera de votre s\u00e9jour un moment inoubliable.<\/p>\t\t\t\t\t\t\t\t<\/div>\n\t\t\t\t<\/div>\n\t\t\t\t<div class=\"elementor-element elementor-element-29c3b0b elementor-align-center elementor-widget elementor-widget-button\" data-id=\"29c3b0b\" data-element_type=\"widget\" data-widget_type=\"button.default\">\n\t\t\t\t<div class=\"elementor-widget-container\">\n\t\t\t\t\t\t\t\t\t<div class=\"elementor-button-wrapper\">\n\t\t\t\t\t<a class=\"elementor-button elementor-button-link elementor-size-sm\" href=\"https:\/\/france-visite.com\/index.php\/contact\/\">\n\t\t\t\t\t\t<span class=\"elementor-button-content-wrapper\">\n\t\t\t\t\t\t\t\t\t<span class=\"elementor-button-text\">Contactez-nous<\/span>\n\t\t\t\t\t<\/span>\n\t\t\t\t\t<\/a>\n\t\t\t\t<\/div>\n\t\t\t\t\t\t\t\t<\/div>\n\t\t\t\t<\/div>\n\t\t\t\t\t<\/div>\n\t\t<\/div>\n\t\t\t\t\t<\/div>\n\t\t<\/section>\n\t\t\t\t<section class=\"elementor-section elementor-top-section elementor-element elementor-element-d24e430 elementor-section-height-min-height elementor-section-full_width elementor-section-height-default elementor-section-items-middle\" data-id=\"d24e430\" data-element_type=\"section\" data-settings=\"{&quot;background_background&quot;:&quot;classic&quot;}\">\n\t\t\t\t\t\t\t<div class=\"elementor-background-overlay\"><\/div>\n\t\t\t\t\t\t\t<div class=\"elementor-container elementor-column-gap-default\">\n\t\t\t\t\t<div class=\"elementor-column elementor-col-100 elementor-top-column elementor-element elementor-element-fc5abbd\" data-id=\"fc5abbd\" data-element_type=\"column\">\n\t\t\t<div class=\"elementor-widget-wrap\">\n\t\t\t\t\t\t\t<\/div>\n\t\t<\/div>\n\t\t\t\t\t<\/div>\n\t\t<\/section>\n\t\t\t\t<\/div>\n\t\t","protected":false},"excerpt":{"rendered":"<p>Visites de Paris et \u00e9v\u00e9nements Service Chauffeur Priv\u00e9 pour des Visites de Paris D\u00e9couvrez Paris comme jamais auparavant avec France Visite, votre service de chauffeur priv\u00e9 d\u00e9di\u00e9 aux visites personnalis\u00e9es. Que vous soyez un touriste en qu\u00eate des incontournables ou un habitu\u00e9 \u00e0 la recherche des secrets cach\u00e9s de la capitale, nous cr\u00e9ons une exp\u00e9rience [&hellip;]<\/p>\n","protected":false},"author":1,"featured_media":0,"parent":0,"menu_order":0,"comment_status":"closed","ping_status":"closed","template":"elementor_header_footer","meta":{"footnotes":""},"class_list":["post-216","page","type-page","status-publish","hentry"],"_links":{"self":[{"href":"https:\/\/france-visite.com\/index.php\/wp-json\/wp\/v2\/pages\/216","targetHints":{"allow":["GET"]}}],"collection":[{"href":"https:\/\/france-visite.com\/index.php\/wp-json\/wp\/v2\/pages"}],"about":[{"href":"https:\/\/france-visite.com\/index.php\/wp-json\/wp\/v2\/types\/page"}],"author":[{"embeddable":true,"href":"https:\/\/france-visite.com\/index.php\/wp-json\/wp\/v2\/users\/1"}],"replies":[{"embeddable":true,"href":"https:\/\/france-visite.com\/index.php\/wp-json\/wp\/v2\/comments?post=216"}],"version-history":[{"count":29,"href":"https:\/\/france-visite.com\/index.php\/wp-json\/wp\/v2\/pages\/216\/revisions"}],"predecessor-version":[{"id":694,"href":"https:\/\/france-visite.com\/index.php\/wp-json\/wp\/v2\/pages\/216\/revisions\/694"}],"wp:attachment":[{"href":"https:\/\/france-visite.com\/index.php\/wp-json\/wp\/v2\/media?parent=216"}],"curies":[{"name":"wp","href":"https:\/\/api.w.org\/{rel}","templated":true}]}}