{"id":205,"date":"2024-11-11T23:20:14","date_gmt":"2024-11-11T22:20:14","guid":{"rendered":"https:\/\/france-visite.com\/?page_id=205"},"modified":"2024-11-20T20:30:34","modified_gmt":"2024-11-20T19:30:34","slug":"excursions-exclusives","status":"publish","type":"page","link":"https:\/\/france-visite.com\/index.php\/excursions-exclusives\/","title":{"rendered":"Excursions exclusives"},"content":{"rendered":"\t\t<div data-elementor-type=\"wp-page\" data-elementor-id=\"205\" class=\"elementor elementor-205\" data-elementor-post-type=\"page\">\n\t\t\t\t\t\t<section class=\"elementor-section elementor-top-section elementor-element elementor-element-d61d991 elementor-section-height-min-height elementor-section-boxed elementor-section-height-default elementor-section-items-middle\" data-id=\"d61d991\" data-element_type=\"section\" data-settings=\"{&quot;background_background&quot;:&quot;classic&quot;}\">\n\t\t\t\t\t\t\t<div class=\"elementor-background-overlay\"><\/div>\n\t\t\t\t\t\t\t<div class=\"elementor-container elementor-column-gap-default\">\n\t\t\t\t\t<div class=\"elementor-column elementor-col-100 elementor-top-column elementor-element elementor-element-c97e98d\" data-id=\"c97e98d\" data-element_type=\"column\">\n\t\t\t<div class=\"elementor-widget-wrap elementor-element-populated\">\n\t\t\t\t\t\t<div class=\"elementor-element elementor-element-5e6eed7 elementor-widget elementor-widget-heading\" data-id=\"5e6eed7\" data-element_type=\"widget\" data-widget_type=\"heading.default\">\n\t\t\t\t<div class=\"elementor-widget-container\">\n\t\t\t\t\t<h1 class=\"elementor-heading-title elementor-size-default\">Excursions exclusives<\/h1>\t\t\t\t<\/div>\n\t\t\t\t<\/div>\n\t\t\t\t\t<\/div>\n\t\t<\/div>\n\t\t\t\t\t<\/div>\n\t\t<\/section>\n\t\t\t\t<section class=\"elementor-section elementor-top-section elementor-element elementor-element-c7132fb elementor-section-boxed elementor-section-height-default elementor-section-height-default\" data-id=\"c7132fb\" data-element_type=\"section\">\n\t\t\t\t\t\t<div class=\"elementor-container elementor-column-gap-default\">\n\t\t\t\t\t<div class=\"elementor-column elementor-col-100 elementor-top-column elementor-element elementor-element-9a9927c\" data-id=\"9a9927c\" data-element_type=\"column\">\n\t\t\t<div class=\"elementor-widget-wrap elementor-element-populated\">\n\t\t\t\t\t\t<div class=\"elementor-element elementor-element-b58feaa elementor-widget elementor-widget-heading\" data-id=\"b58feaa\" data-element_type=\"widget\" data-widget_type=\"heading.default\">\n\t\t\t\t<div class=\"elementor-widget-container\">\n\t\t\t\t\t<h2 class=\"elementor-heading-title elementor-size-default\">Excursions Exclusives avec Chauffeur Priv\u00e9 France Visite\n<\/h2>\t\t\t\t<\/div>\n\t\t\t\t<\/div>\n\t\t\t\t<div class=\"elementor-element elementor-element-bc3e787 elementor-widget-mobile__width-initial elementor-widget elementor-widget-text-editor\" data-id=\"bc3e787\" data-element_type=\"widget\" data-widget_type=\"text-editor.default\">\n\t\t\t\t<div class=\"elementor-widget-container\">\n\t\t\t\t\t\t\t\t\t<p>D\u00e9couvrez la France autrement gr\u00e2ce \u00e0 France Visite, votre service haut de gamme d\u2019excursions personnalis\u00e9es avec chauffeur priv\u00e9. Nous vous offrons une exp\u00e9rience unique, alliant confort, flexibilit\u00e9 et d\u00e9couverte, pour transformer vos voyages en souvenirs inoubliables.<\/p>\t\t\t\t\t\t\t\t<\/div>\n\t\t\t\t<\/div>\n\t\t\t\t\t<\/div>\n\t\t<\/div>\n\t\t\t\t\t<\/div>\n\t\t<\/section>\n\t\t\t\t<section class=\"elementor-section elementor-top-section elementor-element elementor-element-94d29e6 elementor-section-boxed elementor-section-height-default elementor-section-height-default\" data-id=\"94d29e6\" data-element_type=\"section\" data-settings=\"{&quot;background_background&quot;:&quot;classic&quot;}\">\n\t\t\t\t\t\t<div class=\"elementor-container elementor-column-gap-default\">\n\t\t\t\t\t<div class=\"elementor-column elementor-col-50 elementor-top-column elementor-element elementor-element-92df234\" data-id=\"92df234\" data-element_type=\"column\" data-settings=\"{&quot;background_background&quot;:&quot;classic&quot;}\">\n\t\t\t<div class=\"elementor-widget-wrap elementor-element-populated\">\n\t\t\t\t\t\t<div class=\"elementor-element elementor-element-3498361 elementor-widget elementor-widget-image\" data-id=\"3498361\" data-element_type=\"widget\" data-widget_type=\"image.default\">\n\t\t\t\t<div class=\"elementor-widget-container\">\n\t\t\t\t\t\t\t\t\t\t\t\t\t\t\t<img fetchpriority=\"high\" decoding=\"async\" width=\"800\" height=\"800\" src=\"https:\/\/france-visite.com\/wp-content\/uploads\/2024\/11\/Paris-gastronomie-800x800_01.jpg\" class=\"attachment-full size-full wp-image-366\" alt=\"Excursions Exclusives avec France visite\" srcset=\"https:\/\/france-visite.com\/wp-content\/uploads\/2024\/11\/Paris-gastronomie-800x800_01.jpg 800w, https:\/\/france-visite.com\/wp-content\/uploads\/2024\/11\/Paris-gastronomie-800x800_01-300x300.jpg 300w, https:\/\/france-visite.com\/wp-content\/uploads\/2024\/11\/Paris-gastronomie-800x800_01-150x150.jpg 150w, https:\/\/france-visite.com\/wp-content\/uploads\/2024\/11\/Paris-gastronomie-800x800_01-768x768.jpg 768w\" sizes=\"(max-width: 800px) 100vw, 800px\" \/>\t\t\t\t\t\t\t\t\t\t\t\t\t\t\t<\/div>\n\t\t\t\t<\/div>\n\t\t\t\t\t<\/div>\n\t\t<\/div>\n\t\t\t\t<div class=\"elementor-column elementor-col-50 elementor-top-column elementor-element elementor-element-01434a6\" data-id=\"01434a6\" data-element_type=\"column\">\n\t\t\t<div class=\"elementor-widget-wrap elementor-element-populated\">\n\t\t\t\t\t\t<div class=\"elementor-element elementor-element-a21c07e elementor-widget elementor-widget-heading\" data-id=\"a21c07e\" data-element_type=\"widget\" data-widget_type=\"heading.default\">\n\t\t\t\t<div class=\"elementor-widget-container\">\n\t\t\t\t\t<h3 class=\"elementor-heading-title elementor-size-default\">Une prestation sur mesure pour des moments d'exception\n<\/h3>\t\t\t\t<\/div>\n\t\t\t\t<\/div>\n\t\t\t\t<div class=\"elementor-element elementor-element-be834ce elementor-widget-mobile__width-initial elementor-widget elementor-widget-text-editor\" data-id=\"be834ce\" data-element_type=\"widget\" data-widget_type=\"text-editor.default\">\n\t\t\t\t<div class=\"elementor-widget-container\">\n\t\t\t\t\t\t\t\t\t<p>Avec France Visite, chaque excursion est pens\u00e9e pour r\u00e9pondre \u00e0 vos envies. Que vous souhaitiez explorer les monuments embl\u00e9matiques de Paris, d\u00e9couvrir les ch\u00e2teaux de la Loire, parcourir les vignobles de Champagne ou visiter des villages pittoresques, nous cr\u00e9ons un itin\u00e9raire exclusif selon vos attentes.<\/p><p>Nos chauffeurs exp\u00e9riment\u00e9s et bilingues sont \u00e0 votre disposition pour vous accompagner avec discr\u00e9tion et professionnalisme tout au long de votre journ\u00e9e. Votre confort est notre priorit\u00e9 : nos v\u00e9hicules premium, \u00e9quip\u00e9s de si\u00e8ges spacieux et d\u2019une connexion Wi-Fi, sont con\u00e7us pour rendre votre trajet aussi agr\u00e9able que la destination elle-m\u00eame.<\/p>\t\t\t\t\t\t\t\t<\/div>\n\t\t\t\t<\/div>\n\t\t\t\t\t<\/div>\n\t\t<\/div>\n\t\t\t\t\t<\/div>\n\t\t<\/section>\n\t\t\t\t<section class=\"elementor-section elementor-top-section elementor-element elementor-element-7609201 elementor-section-boxed elementor-section-height-default elementor-section-height-default\" data-id=\"7609201\" data-element_type=\"section\">\n\t\t\t\t\t\t<div class=\"elementor-container elementor-column-gap-default\">\n\t\t\t\t\t<div class=\"elementor-column elementor-col-50 elementor-top-column elementor-element elementor-element-cae6751\" data-id=\"cae6751\" data-element_type=\"column\">\n\t\t\t<div class=\"elementor-widget-wrap elementor-element-populated\">\n\t\t\t\t\t\t<div class=\"elementor-element elementor-element-1d64621 elementor-widget elementor-widget-image\" data-id=\"1d64621\" data-element_type=\"widget\" data-widget_type=\"image.default\">\n\t\t\t\t<div class=\"elementor-widget-container\">\n\t\t\t\t\t\t\t\t\t\t\t\t\t\t\t<img decoding=\"async\" width=\"250\" height=\"250\" src=\"https:\/\/france-visite.com\/wp-content\/uploads\/2024\/11\/workflow_17652859-1.png\" class=\"attachment-large size-large wp-image-359\" alt=\"\" srcset=\"https:\/\/france-visite.com\/wp-content\/uploads\/2024\/11\/workflow_17652859-1.png 250w, https:\/\/france-visite.com\/wp-content\/uploads\/2024\/11\/workflow_17652859-1-150x150.png 150w\" sizes=\"(max-width: 250px) 100vw, 250px\" \/>\t\t\t\t\t\t\t\t\t\t\t\t\t\t\t<\/div>\n\t\t\t\t<\/div>\n\t\t\t\t\t<\/div>\n\t\t<\/div>\n\t\t\t\t<div class=\"elementor-column elementor-col-50 elementor-top-column elementor-element elementor-element-02a18df\" data-id=\"02a18df\" data-element_type=\"column\">\n\t\t\t<div class=\"elementor-widget-wrap elementor-element-populated\">\n\t\t\t\t\t\t<div class=\"elementor-element elementor-element-d7c8fcc elementor-widget elementor-widget-heading\" data-id=\"d7c8fcc\" data-element_type=\"widget\" data-widget_type=\"heading.default\">\n\t\t\t\t<div class=\"elementor-widget-container\">\n\t\t\t\t\t<h3 class=\"elementor-heading-title elementor-size-default\">Une excursion \u00e0 votre rythme<\/h3>\t\t\t\t<\/div>\n\t\t\t\t<\/div>\n\t\t\t\t<div class=\"elementor-element elementor-element-cd76405 elementor-widget-mobile__width-initial elementor-widget elementor-widget-text-editor\" data-id=\"cd76405\" data-element_type=\"widget\" data-widget_type=\"text-editor.default\">\n\t\t\t\t<div class=\"elementor-widget-container\">\n\t\t\t\t\t\t\t\t\t<p>Oubliez les contraintes des circuits touristiques classiques. Avec notre service d&rsquo;excursion priv\u00e9e, vous d\u00e9cidez du rythme et des arr\u00eats. Qu\u2019il s\u2019agisse d\u2019une visite guid\u00e9e de mus\u00e9es, d\u2019un d\u00e9jeuner dans un restaurant gastronomique ou d\u2019une pause photo sur les plus beaux panoramas, vous profitez d\u2019une totale libert\u00e9 dans l\u2019organisation de votre journ\u00e9e.<\/p>\t\t\t\t\t\t\t\t<\/div>\n\t\t\t\t<\/div>\n\t\t\t\t\t<\/div>\n\t\t<\/div>\n\t\t\t\t\t<\/div>\n\t\t<\/section>\n\t\t\t\t<section class=\"elementor-section elementor-top-section elementor-element elementor-element-189924f elementor-section-boxed elementor-section-height-default elementor-section-height-default\" data-id=\"189924f\" data-element_type=\"section\">\n\t\t\t\t\t\t<div class=\"elementor-container elementor-column-gap-default\">\n\t\t\t\t\t<div class=\"elementor-column elementor-col-50 elementor-top-column elementor-element elementor-element-d28b229\" data-id=\"d28b229\" data-element_type=\"column\">\n\t\t\t<div class=\"elementor-widget-wrap elementor-element-populated\">\n\t\t\t\t\t\t<div class=\"elementor-element elementor-element-39e4890 elementor-widget elementor-widget-image\" data-id=\"39e4890\" data-element_type=\"widget\" data-widget_type=\"image.default\">\n\t\t\t\t<div class=\"elementor-widget-container\">\n\t\t\t\t\t\t\t\t\t\t\t\t\t\t\t<img decoding=\"async\" width=\"512\" height=\"512\" src=\"https:\/\/france-visite.com\/wp-content\/uploads\/2024\/11\/travel_13622865.png\" class=\"attachment-large size-large wp-image-360\" alt=\"\" srcset=\"https:\/\/france-visite.com\/wp-content\/uploads\/2024\/11\/travel_13622865.png 512w, https:\/\/france-visite.com\/wp-content\/uploads\/2024\/11\/travel_13622865-300x300.png 300w, https:\/\/france-visite.com\/wp-content\/uploads\/2024\/11\/travel_13622865-150x150.png 150w\" sizes=\"(max-width: 512px) 100vw, 512px\" \/>\t\t\t\t\t\t\t\t\t\t\t\t\t\t\t<\/div>\n\t\t\t\t<\/div>\n\t\t\t\t\t<\/div>\n\t\t<\/div>\n\t\t\t\t<div class=\"elementor-column elementor-col-50 elementor-top-column elementor-element elementor-element-70067c0\" data-id=\"70067c0\" data-element_type=\"column\">\n\t\t\t<div class=\"elementor-widget-wrap elementor-element-populated\">\n\t\t\t\t\t\t<div class=\"elementor-element elementor-element-8ef5f68 elementor-widget elementor-widget-heading\" data-id=\"8ef5f68\" data-element_type=\"widget\" data-widget_type=\"heading.default\">\n\t\t\t\t<div class=\"elementor-widget-container\">\n\t\t\t\t\t<h3 class=\"elementor-heading-title elementor-size-default\">Des destinations embl\u00e9matiques et hors des sentiers battus<\/h3>\t\t\t\t<\/div>\n\t\t\t\t<\/div>\n\t\t\t\t<div class=\"elementor-element elementor-element-209d572 elementor-widget-mobile__width-initial elementor-widget elementor-widget-text-editor\" data-id=\"209d572\" data-element_type=\"widget\" data-widget_type=\"text-editor.default\">\n\t\t\t\t<div class=\"elementor-widget-container\">\n\t\t\t\t\t\t\t\t\t<p>France Visite vous ouvre les portes des plus beaux sites touristiques, mais \u00e9galement des tr\u00e9sors cach\u00e9s que seuls les initi\u00e9s connaissent. Voici quelques exemples :<\/p><ul><li><strong>Les ch\u00e2teaux de la Loire<\/strong> : Chambord, Chenonceau, Amboise\u2026<\/li><li><strong>La r\u00e9gion Champagne<\/strong> : visites de caves et d\u00e9gustations.<\/li><li><strong>Normandie<\/strong> : plages du d\u00e9barquement, Mont-Saint-Michel, Honfleur.<\/li><li><strong>Provence<\/strong> : villages authentiques et champs de lavande.<\/li><\/ul><p>Nous pouvons \u00e9galement cr\u00e9er des itin\u00e9raires enti\u00e8rement personnalis\u00e9s selon vos envies.<\/p>\t\t\t\t\t\t\t\t<\/div>\n\t\t\t\t<\/div>\n\t\t\t\t\t<\/div>\n\t\t<\/div>\n\t\t\t\t\t<\/div>\n\t\t<\/section>\n\t\t\t\t<section class=\"elementor-section elementor-top-section elementor-element elementor-element-97737bf elementor-section-boxed elementor-section-height-default elementor-section-height-default\" data-id=\"97737bf\" data-element_type=\"section\" data-settings=\"{&quot;background_background&quot;:&quot;classic&quot;}\">\n\t\t\t\t\t\t<div class=\"elementor-container elementor-column-gap-default\">\n\t\t\t\t\t<div class=\"elementor-column elementor-col-100 elementor-top-column elementor-element elementor-element-49f9ca6\" data-id=\"49f9ca6\" data-element_type=\"column\">\n\t\t\t<div class=\"elementor-widget-wrap elementor-element-populated\">\n\t\t\t\t\t\t<div class=\"elementor-element elementor-element-b109697 elementor-widget elementor-widget-heading\" data-id=\"b109697\" data-element_type=\"widget\" data-widget_type=\"heading.default\">\n\t\t\t\t<div class=\"elementor-widget-container\">\n\t\t\t\t\t<h3 class=\"elementor-heading-title elementor-size-default\">R\u00e9servez votre excursion exclusive d\u00e8s maintenant<\/h3>\t\t\t\t<\/div>\n\t\t\t\t<\/div>\n\t\t\t\t<div class=\"elementor-element elementor-element-9bfae9a elementor-widget-mobile__width-initial elementor-widget elementor-widget-text-editor\" data-id=\"9bfae9a\" data-element_type=\"widget\" data-widget_type=\"text-editor.default\">\n\t\t\t\t<div class=\"elementor-widget-container\">\n\t\t\t\t\t\t\t\t\t<p>Avec France Visite, vos voyages deviennent des aventures inoubliables. <br \/>Contactez-nous d\u00e8s aujourd&rsquo;hui pour obtenir un devis gratuit et planifier votre prochaine escapade priv\u00e9e.<\/p>\t\t\t\t\t\t\t\t<\/div>\n\t\t\t\t<\/div>\n\t\t\t\t<div class=\"elementor-element elementor-element-244c7c3 elementor-align-center elementor-widget elementor-widget-button\" data-id=\"244c7c3\" data-element_type=\"widget\" data-widget_type=\"button.default\">\n\t\t\t\t<div class=\"elementor-widget-container\">\n\t\t\t\t\t\t\t\t\t<div class=\"elementor-button-wrapper\">\n\t\t\t\t\t<a class=\"elementor-button elementor-button-link elementor-size-sm\" href=\"https:\/\/france-visite.com\/index.php\/contact\/\">\n\t\t\t\t\t\t<span class=\"elementor-button-content-wrapper\">\n\t\t\t\t\t\t\t\t\t<span class=\"elementor-button-text\">Contactez-nous<\/span>\n\t\t\t\t\t<\/span>\n\t\t\t\t\t<\/a>\n\t\t\t\t<\/div>\n\t\t\t\t\t\t\t\t<\/div>\n\t\t\t\t<\/div>\n\t\t\t\t\t<\/div>\n\t\t<\/div>\n\t\t\t\t\t<\/div>\n\t\t<\/section>\n\t\t\t\t<section class=\"elementor-section elementor-top-section elementor-element elementor-element-4d26eaf elementor-section-height-min-height elementor-section-boxed elementor-section-height-default elementor-section-items-middle\" data-id=\"4d26eaf\" data-element_type=\"section\" data-settings=\"{&quot;background_background&quot;:&quot;classic&quot;}\">\n\t\t\t\t\t\t<div class=\"elementor-container elementor-column-gap-default\">\n\t\t\t\t\t<div class=\"elementor-column elementor-col-100 elementor-top-column elementor-element elementor-element-2b47861\" data-id=\"2b47861\" data-element_type=\"column\">\n\t\t\t<div class=\"elementor-widget-wrap\">\n\t\t\t\t\t\t\t<\/div>\n\t\t<\/div>\n\t\t\t\t\t<\/div>\n\t\t<\/section>\n\t\t\t\t<\/div>\n\t\t","protected":false},"excerpt":{"rendered":"<p>Excursions exclusives Excursions Exclusives avec Chauffeur Priv\u00e9 France Visite D\u00e9couvrez la France autrement gr\u00e2ce \u00e0 France Visite, votre service haut de gamme d\u2019excursions personnalis\u00e9es avec chauffeur priv\u00e9. Nous vous offrons une exp\u00e9rience unique, alliant confort, flexibilit\u00e9 et d\u00e9couverte, pour transformer vos voyages en souvenirs inoubliables. Une prestation sur mesure pour des moments d&rsquo;exception Avec France [&hellip;]<\/p>\n","protected":false},"author":1,"featured_media":0,"parent":0,"menu_order":0,"comment_status":"closed","ping_status":"closed","template":"elementor_header_footer","meta":{"footnotes":""},"class_list":["post-205","page","type-page","status-publish","hentry"],"_links":{"self":[{"href":"https:\/\/france-visite.com\/index.php\/wp-json\/wp\/v2\/pages\/205","targetHints":{"allow":["GET"]}}],"collection":[{"href":"https:\/\/france-visite.com\/index.php\/wp-json\/wp\/v2\/pages"}],"about":[{"href":"https:\/\/france-visite.com\/index.php\/wp-json\/wp\/v2\/types\/page"}],"author":[{"embeddable":true,"href":"https:\/\/france-visite.com\/index.php\/wp-json\/wp\/v2\/users\/1"}],"replies":[{"embeddable":true,"href":"https:\/\/france-visite.com\/index.php\/wp-json\/wp\/v2\/comments?post=205"}],"version-history":[{"count":35,"href":"https:\/\/france-visite.com\/index.php\/wp-json\/wp\/v2\/pages\/205\/revisions"}],"predecessor-version":[{"id":693,"href":"https:\/\/france-visite.com\/index.php\/wp-json\/wp\/v2\/pages\/205\/revisions\/693"}],"wp:attachment":[{"href":"https:\/\/france-visite.com\/index.php\/wp-json\/wp\/v2\/media?parent=205"}],"curies":[{"name":"wp","href":"https:\/\/api.w.org\/{rel}","templated":true}]}}