{"id":199,"date":"2024-11-11T23:16:43","date_gmt":"2024-11-11T22:16:43","guid":{"rendered":"https:\/\/france-visite.com\/?page_id=199"},"modified":"2024-11-20T20:30:06","modified_gmt":"2024-11-20T19:30:06","slug":"transfert-prive","status":"publish","type":"page","link":"https:\/\/france-visite.com\/index.php\/transfert-prive\/","title":{"rendered":"transfert priv\u00e9"},"content":{"rendered":"\t\t<div data-elementor-type=\"wp-page\" data-elementor-id=\"199\" class=\"elementor elementor-199\" data-elementor-post-type=\"page\">\n\t\t\t\t\t\t<section class=\"elementor-section elementor-top-section elementor-element elementor-element-04c952d elementor-section-height-min-height elementor-section-boxed elementor-section-height-default elementor-section-items-middle\" data-id=\"04c952d\" data-element_type=\"section\" data-settings=\"{&quot;background_background&quot;:&quot;classic&quot;}\">\n\t\t\t\t\t\t\t<div class=\"elementor-background-overlay\"><\/div>\n\t\t\t\t\t\t\t<div class=\"elementor-container elementor-column-gap-default\">\n\t\t\t\t\t<div class=\"elementor-column elementor-col-100 elementor-top-column elementor-element elementor-element-bb559b8\" data-id=\"bb559b8\" data-element_type=\"column\">\n\t\t\t<div class=\"elementor-widget-wrap elementor-element-populated\">\n\t\t\t\t\t\t<div class=\"elementor-element elementor-element-6bcd096 elementor-widget elementor-widget-heading\" data-id=\"6bcd096\" data-element_type=\"widget\" data-widget_type=\"heading.default\">\n\t\t\t\t<div class=\"elementor-widget-container\">\n\t\t\t\t\t<h1 class=\"elementor-heading-title elementor-size-default\">Transferts priv\u00e9s<\/h1>\t\t\t\t<\/div>\n\t\t\t\t<\/div>\n\t\t\t\t\t<\/div>\n\t\t<\/div>\n\t\t\t\t\t<\/div>\n\t\t<\/section>\n\t\t\t\t<section class=\"elementor-section elementor-top-section elementor-element elementor-element-e068648 elementor-section-boxed elementor-section-height-default elementor-section-height-default\" data-id=\"e068648\" data-element_type=\"section\">\n\t\t\t\t\t\t<div class=\"elementor-container elementor-column-gap-default\">\n\t\t\t\t\t<div class=\"elementor-column elementor-col-100 elementor-top-column elementor-element elementor-element-b7a6ef2\" data-id=\"b7a6ef2\" data-element_type=\"column\">\n\t\t\t<div class=\"elementor-widget-wrap elementor-element-populated\">\n\t\t\t\t\t\t<div class=\"elementor-element elementor-element-2392df5 elementor-widget elementor-widget-heading\" data-id=\"2392df5\" data-element_type=\"widget\" data-widget_type=\"heading.default\">\n\t\t\t\t<div class=\"elementor-widget-container\">\n\t\t\t\t\t<h2 class=\"elementor-heading-title elementor-size-default\">Service de Chauffeur Priv\u00e9 pour Transferts Priv\u00e9s<\/h2>\t\t\t\t<\/div>\n\t\t\t\t<\/div>\n\t\t\t\t<div class=\"elementor-element elementor-element-0f218b5 elementor-widget-mobile__width-initial elementor-widget elementor-widget-text-editor\" data-id=\"0f218b5\" data-element_type=\"widget\" data-widget_type=\"text-editor.default\">\n\t\t\t\t<div class=\"elementor-widget-container\">\n\t\t\t\t\t\t\t\t\t<p>Simplifiez vos d\u00e9placements avec France Visite, votre solution premium pour des transferts priv\u00e9s sur mesure. Que vous voyagiez pour affaires ou pour le plaisir, nous vous garantissons un transport \u00e9l\u00e9gant, ponctuel et confortable, r\u00e9pondant \u00e0 toutes vos attentes.<\/p>\t\t\t\t\t\t\t\t<\/div>\n\t\t\t\t<\/div>\n\t\t\t\t\t<\/div>\n\t\t<\/div>\n\t\t\t\t\t<\/div>\n\t\t<\/section>\n\t\t\t\t<section class=\"elementor-section elementor-top-section elementor-element elementor-element-9d9c0f7 elementor-section-boxed elementor-section-height-default elementor-section-height-default\" data-id=\"9d9c0f7\" data-element_type=\"section\" data-settings=\"{&quot;background_background&quot;:&quot;classic&quot;}\">\n\t\t\t\t\t\t<div class=\"elementor-container elementor-column-gap-default\">\n\t\t\t\t\t<div class=\"elementor-column elementor-col-50 elementor-top-column elementor-element elementor-element-4c7054f\" data-id=\"4c7054f\" data-element_type=\"column\" data-settings=\"{&quot;background_background&quot;:&quot;classic&quot;}\">\n\t\t\t<div class=\"elementor-widget-wrap elementor-element-populated\">\n\t\t\t\t\t\t<div class=\"elementor-element elementor-element-d7b9e2d elementor-widget elementor-widget-image\" data-id=\"d7b9e2d\" data-element_type=\"widget\" data-widget_type=\"image.default\">\n\t\t\t\t<div class=\"elementor-widget-container\">\n\t\t\t\t\t\t\t\t\t\t\t\t\t\t\t<img fetchpriority=\"high\" decoding=\"async\" width=\"500\" height=\"479\" src=\"https:\/\/france-visite.com\/wp-content\/uploads\/2024\/11\/airport.jpg\" class=\"attachment-full size-full wp-image-405\" alt=\"transfert priv\u00e9 avec france visite\" srcset=\"https:\/\/france-visite.com\/wp-content\/uploads\/2024\/11\/airport.jpg 500w, https:\/\/france-visite.com\/wp-content\/uploads\/2024\/11\/airport-300x287.jpg 300w\" sizes=\"(max-width: 500px) 100vw, 500px\" \/>\t\t\t\t\t\t\t\t\t\t\t\t\t\t\t<\/div>\n\t\t\t\t<\/div>\n\t\t\t\t\t<\/div>\n\t\t<\/div>\n\t\t\t\t<div class=\"elementor-column elementor-col-50 elementor-top-column elementor-element elementor-element-e5fd917\" data-id=\"e5fd917\" data-element_type=\"column\">\n\t\t\t<div class=\"elementor-widget-wrap elementor-element-populated\">\n\t\t\t\t\t\t<div class=\"elementor-element elementor-element-587a125 elementor-widget elementor-widget-heading\" data-id=\"587a125\" data-element_type=\"widget\" data-widget_type=\"heading.default\">\n\t\t\t\t<div class=\"elementor-widget-container\">\n\t\t\t\t\t<h3 class=\"elementor-heading-title elementor-size-default\">Des transferts priv\u00e9s adapt\u00e9s \u00e0 vos besoins<\/h3>\t\t\t\t<\/div>\n\t\t\t\t<\/div>\n\t\t\t\t<div class=\"elementor-element elementor-element-b7d8b78 elementor-widget-mobile__width-initial elementor-widget elementor-widget-text-editor\" data-id=\"b7d8b78\" data-element_type=\"widget\" data-widget_type=\"text-editor.default\">\n\t\t\t\t<div class=\"elementor-widget-container\">\n\t\t\t\t\t\t\t\t\t<p>Nous proposons des transferts sur mesure pour r\u00e9pondre \u00e0 toutes vos exigences :<\/p><ul><li><strong>Transferts a\u00e9roport\/gare<\/strong> : Prise en charge d\u00e8s votre arriv\u00e9e ou d\u00e9part pour un trajet fluide et sans stress.<\/li><li><strong>D\u00e9placements priv\u00e9s ou professionnels<\/strong> : Rejoignez votre destination dans le confort et avec discr\u00e9tion.<\/li><li><strong>Longues distances<\/strong> : Voyagez en toute s\u00e9r\u00e9nit\u00e9, m\u00eame pour des trajets interurbains ou r\u00e9gionaux.<\/li><li><strong>D\u00e9parts nocturnes ou urgents<\/strong> : Nous sommes disponibles \u00e0 tout moment pour vous accompagner.<\/li><\/ul>\t\t\t\t\t\t\t\t<\/div>\n\t\t\t\t<\/div>\n\t\t\t\t\t<\/div>\n\t\t<\/div>\n\t\t\t\t\t<\/div>\n\t\t<\/section>\n\t\t\t\t<section class=\"elementor-section elementor-top-section elementor-element elementor-element-c5ba44b elementor-section-boxed elementor-section-height-default elementor-section-height-default\" data-id=\"c5ba44b\" data-element_type=\"section\">\n\t\t\t\t\t\t<div class=\"elementor-container elementor-column-gap-default\">\n\t\t\t\t\t<div class=\"elementor-column elementor-col-50 elementor-top-column elementor-element elementor-element-67a8fe1\" data-id=\"67a8fe1\" data-element_type=\"column\">\n\t\t\t<div class=\"elementor-widget-wrap elementor-element-populated\">\n\t\t\t\t\t\t<div class=\"elementor-element elementor-element-454e277 elementor-widget elementor-widget-image\" data-id=\"454e277\" data-element_type=\"widget\" data-widget_type=\"image.default\">\n\t\t\t\t<div class=\"elementor-widget-container\">\n\t\t\t\t\t\t\t\t\t\t\t\t\t\t\t<img decoding=\"async\" width=\"512\" height=\"512\" src=\"https:\/\/france-visite.com\/wp-content\/uploads\/2024\/11\/lounge_10972215.png\" class=\"attachment-large size-large wp-image-406\" alt=\"\" srcset=\"https:\/\/france-visite.com\/wp-content\/uploads\/2024\/11\/lounge_10972215.png 512w, https:\/\/france-visite.com\/wp-content\/uploads\/2024\/11\/lounge_10972215-300x300.png 300w, https:\/\/france-visite.com\/wp-content\/uploads\/2024\/11\/lounge_10972215-150x150.png 150w\" sizes=\"(max-width: 512px) 100vw, 512px\" \/>\t\t\t\t\t\t\t\t\t\t\t\t\t\t\t<\/div>\n\t\t\t\t<\/div>\n\t\t\t\t\t<\/div>\n\t\t<\/div>\n\t\t\t\t<div class=\"elementor-column elementor-col-50 elementor-top-column elementor-element elementor-element-eae6633\" data-id=\"eae6633\" data-element_type=\"column\">\n\t\t\t<div class=\"elementor-widget-wrap elementor-element-populated\">\n\t\t\t\t\t\t<div class=\"elementor-element elementor-element-ddc8d6e elementor-widget elementor-widget-heading\" data-id=\"ddc8d6e\" data-element_type=\"widget\" data-widget_type=\"heading.default\">\n\t\t\t\t<div class=\"elementor-widget-container\">\n\t\t\t\t\t<h3 class=\"elementor-heading-title elementor-size-default\">Une exp\u00e9rience premium, du d\u00e9part \u00e0 l\u2019arriv\u00e9e<\/h3>\t\t\t\t<\/div>\n\t\t\t\t<\/div>\n\t\t\t\t<div class=\"elementor-element elementor-element-8a99637 elementor-widget-mobile__width-initial elementor-widget elementor-widget-text-editor\" data-id=\"8a99637\" data-element_type=\"widget\" data-widget_type=\"text-editor.default\">\n\t\t\t\t<div class=\"elementor-widget-container\">\n\t\t\t\t\t\t\t\t\t<p>Avec France Visite, chaque transfert est une exp\u00e9rience de qualit\u00e9, pens\u00e9e pour vous offrir un maximum de confort et de s\u00e9r\u00e9nit\u00e9 :<\/p><ul><li><strong>Accueil personnalis\u00e9<\/strong> : Votre chauffeur vous attend avec un panneau nominatif ou selon vos instructions sp\u00e9cifiques.<\/li><li><strong>Ponctualit\u00e9 garantie<\/strong> : Nous surveillons en temps r\u00e9el les horaires des vols et des trains pour anticiper tout retard.<\/li><li><strong>Aide avec vos bagages<\/strong> : Nos chauffeurs se chargent de vos valises pour un d\u00e9part sans encombre.<\/li><\/ul>\t\t\t\t\t\t\t\t<\/div>\n\t\t\t\t<\/div>\n\t\t\t\t\t<\/div>\n\t\t<\/div>\n\t\t\t\t\t<\/div>\n\t\t<\/section>\n\t\t\t\t<section class=\"elementor-section elementor-top-section elementor-element elementor-element-d2f3b80 elementor-section-boxed elementor-section-height-default elementor-section-height-default\" data-id=\"d2f3b80\" data-element_type=\"section\">\n\t\t\t\t\t\t<div class=\"elementor-container elementor-column-gap-default\">\n\t\t\t\t\t<div class=\"elementor-column elementor-col-50 elementor-top-column elementor-element elementor-element-434ec4c\" data-id=\"434ec4c\" data-element_type=\"column\">\n\t\t\t<div class=\"elementor-widget-wrap elementor-element-populated\">\n\t\t\t\t\t\t<div class=\"elementor-element elementor-element-6dfffe6 elementor-widget elementor-widget-image\" data-id=\"6dfffe6\" data-element_type=\"widget\" data-widget_type=\"image.default\">\n\t\t\t\t<div class=\"elementor-widget-container\">\n\t\t\t\t\t\t\t\t\t\t\t\t\t\t\t<img decoding=\"async\" width=\"512\" height=\"512\" src=\"https:\/\/france-visite.com\/wp-content\/uploads\/2024\/11\/like_16440992.png\" class=\"attachment-large size-large wp-image-407\" alt=\"\" srcset=\"https:\/\/france-visite.com\/wp-content\/uploads\/2024\/11\/like_16440992.png 512w, https:\/\/france-visite.com\/wp-content\/uploads\/2024\/11\/like_16440992-300x300.png 300w, https:\/\/france-visite.com\/wp-content\/uploads\/2024\/11\/like_16440992-150x150.png 150w\" sizes=\"(max-width: 512px) 100vw, 512px\" \/>\t\t\t\t\t\t\t\t\t\t\t\t\t\t\t<\/div>\n\t\t\t\t<\/div>\n\t\t\t\t\t<\/div>\n\t\t<\/div>\n\t\t\t\t<div class=\"elementor-column elementor-col-50 elementor-top-column elementor-element elementor-element-0786be0\" data-id=\"0786be0\" data-element_type=\"column\">\n\t\t\t<div class=\"elementor-widget-wrap elementor-element-populated\">\n\t\t\t\t\t\t<div class=\"elementor-element elementor-element-50c3f3f elementor-widget elementor-widget-heading\" data-id=\"50c3f3f\" data-element_type=\"widget\" data-widget_type=\"heading.default\">\n\t\t\t\t<div class=\"elementor-widget-container\">\n\t\t\t\t\t<h3 class=\"elementor-heading-title elementor-size-default\">Un service sur mesure, o\u00f9 que vous alliez<\/h3>\t\t\t\t<\/div>\n\t\t\t\t<\/div>\n\t\t\t\t<div class=\"elementor-element elementor-element-630b577 elementor-widget-mobile__width-initial elementor-widget elementor-widget-text-editor\" data-id=\"630b577\" data-element_type=\"widget\" data-widget_type=\"text-editor.default\">\n\t\t\t\t<div class=\"elementor-widget-container\">\n\t\t\t\t\t\t\t\t\t<p>Nos chauffeurs, exp\u00e9riment\u00e9s et discrets, s\u2019adaptent \u00e0 vos besoins sp\u00e9cifiques :<\/p><ul><li><strong>Chauffeurs bilingues<\/strong> : Id\u00e9al pour les voyageurs internationaux.<\/li><li><strong>Horaires flexibles<\/strong> : Nous nous adaptons \u00e0 votre emploi du temps, de jour comme de nuit.<\/li><li><strong>Transport de groupes<\/strong> : Vans spacieux pour les familles, \u00e9quipes ou petits groupes.<\/li><\/ul>\t\t\t\t\t\t\t\t<\/div>\n\t\t\t\t<\/div>\n\t\t\t\t\t<\/div>\n\t\t<\/div>\n\t\t\t\t\t<\/div>\n\t\t<\/section>\n\t\t\t\t<section class=\"elementor-section elementor-top-section elementor-element elementor-element-d5cdb25 elementor-section-boxed elementor-section-height-default elementor-section-height-default\" data-id=\"d5cdb25\" data-element_type=\"section\" data-settings=\"{&quot;background_background&quot;:&quot;classic&quot;}\">\n\t\t\t\t\t\t<div class=\"elementor-container elementor-column-gap-default\">\n\t\t\t\t\t<div class=\"elementor-column elementor-col-100 elementor-top-column elementor-element elementor-element-b207285\" data-id=\"b207285\" data-element_type=\"column\">\n\t\t\t<div class=\"elementor-widget-wrap elementor-element-populated\">\n\t\t\t\t\t\t<div class=\"elementor-element elementor-element-4450291 elementor-widget elementor-widget-heading\" data-id=\"4450291\" data-element_type=\"widget\" data-widget_type=\"heading.default\">\n\t\t\t\t<div class=\"elementor-widget-container\">\n\t\t\t\t\t<h3 class=\"elementor-heading-title elementor-size-default\">R\u00e9servez votre transfert priv\u00e9 d\u00e8s maintenant\n<\/h3>\t\t\t\t<\/div>\n\t\t\t\t<\/div>\n\t\t\t\t<div class=\"elementor-element elementor-element-dd3f499 elementor-widget-mobile__width-initial elementor-widget elementor-widget-text-editor\" data-id=\"dd3f499\" data-element_type=\"widget\" data-widget_type=\"text-editor.default\">\n\t\t\t\t<div class=\"elementor-widget-container\">\n\t\t\t\t\t\t\t\t\t<p>Avec France Visite, vos transferts priv\u00e9s deviennent une exp\u00e9rience haut de gamme. Contactez-nous pour un devis personnalis\u00e9 et laissez-nous nous occuper de tous vos d\u00e9placements avec soin et expertise.<\/p>\t\t\t\t\t\t\t\t<\/div>\n\t\t\t\t<\/div>\n\t\t\t\t<div class=\"elementor-element elementor-element-081d05d elementor-align-center elementor-widget elementor-widget-button\" data-id=\"081d05d\" data-element_type=\"widget\" data-widget_type=\"button.default\">\n\t\t\t\t<div class=\"elementor-widget-container\">\n\t\t\t\t\t\t\t\t\t<div class=\"elementor-button-wrapper\">\n\t\t\t\t\t<a class=\"elementor-button elementor-button-link elementor-size-sm\" href=\"https:\/\/france-visite.com\/index.php\/contact\/\">\n\t\t\t\t\t\t<span class=\"elementor-button-content-wrapper\">\n\t\t\t\t\t\t\t\t\t<span class=\"elementor-button-text\">Contactez-nous<\/span>\n\t\t\t\t\t<\/span>\n\t\t\t\t\t<\/a>\n\t\t\t\t<\/div>\n\t\t\t\t\t\t\t\t<\/div>\n\t\t\t\t<\/div>\n\t\t\t\t\t<\/div>\n\t\t<\/div>\n\t\t\t\t\t<\/div>\n\t\t<\/section>\n\t\t\t\t<section class=\"elementor-section elementor-top-section elementor-element elementor-element-adc3109 elementor-section-height-min-height elementor-section-boxed elementor-section-height-default elementor-section-items-middle\" data-id=\"adc3109\" data-element_type=\"section\" data-settings=\"{&quot;background_background&quot;:&quot;classic&quot;}\">\n\t\t\t\t\t\t<div class=\"elementor-container elementor-column-gap-default\">\n\t\t\t\t\t<div class=\"elementor-column elementor-col-100 elementor-top-column elementor-element elementor-element-623a37f\" data-id=\"623a37f\" data-element_type=\"column\">\n\t\t\t<div class=\"elementor-widget-wrap\">\n\t\t\t\t\t\t\t<\/div>\n\t\t<\/div>\n\t\t\t\t\t<\/div>\n\t\t<\/section>\n\t\t\t\t<\/div>\n\t\t","protected":false},"excerpt":{"rendered":"<p>Transferts priv\u00e9s Service de Chauffeur Priv\u00e9 pour Transferts Priv\u00e9s Simplifiez vos d\u00e9placements avec France Visite, votre solution premium pour des transferts priv\u00e9s sur mesure. Que vous voyagiez pour affaires ou pour le plaisir, nous vous garantissons un transport \u00e9l\u00e9gant, ponctuel et confortable, r\u00e9pondant \u00e0 toutes vos attentes. Des transferts priv\u00e9s adapt\u00e9s \u00e0 vos besoins Nous [&hellip;]<\/p>\n","protected":false},"author":1,"featured_media":0,"parent":0,"menu_order":0,"comment_status":"closed","ping_status":"closed","template":"elementor_header_footer","meta":{"footnotes":""},"class_list":["post-199","page","type-page","status-publish","hentry"],"_links":{"self":[{"href":"https:\/\/france-visite.com\/index.php\/wp-json\/wp\/v2\/pages\/199","targetHints":{"allow":["GET"]}}],"collection":[{"href":"https:\/\/france-visite.com\/index.php\/wp-json\/wp\/v2\/pages"}],"about":[{"href":"https:\/\/france-visite.com\/index.php\/wp-json\/wp\/v2\/types\/page"}],"author":[{"embeddable":true,"href":"https:\/\/france-visite.com\/index.php\/wp-json\/wp\/v2\/users\/1"}],"replies":[{"embeddable":true,"href":"https:\/\/france-visite.com\/index.php\/wp-json\/wp\/v2\/comments?post=199"}],"version-history":[{"count":62,"href":"https:\/\/france-visite.com\/index.php\/wp-json\/wp\/v2\/pages\/199\/revisions"}],"predecessor-version":[{"id":690,"href":"https:\/\/france-visite.com\/index.php\/wp-json\/wp\/v2\/pages\/199\/revisions\/690"}],"wp:attachment":[{"href":"https:\/\/france-visite.com\/index.php\/wp-json\/wp\/v2\/media?parent=199"}],"curies":[{"name":"wp","href":"https:\/\/api.w.org\/{rel}","templated":true}]}}